{"id":35,"date":"2015-02-17T10:36:16","date_gmt":"2015-02-17T10:36:16","guid":{"rendered":"http:\/\/www.hydrowash.com\/?page_id=35"},"modified":"2015-02-25T10:19:24","modified_gmt":"2015-02-25T10:19:24","slug":"produits","status":"publish","type":"page","link":"https:\/\/www.hydrowash.com\/?page_id=35","title":{"rendered":"PRODUITS"},"content":{"rendered":"<div class=\"twocol-one\"><strong>Hydrowash dispose et d\u00e9veloppe une gamme de <span style=\"color: #bd1e2d;\">produits<\/span><\/strong> qui r\u00e9pondra \u00e0 toutes vos attentes. De la simple installation de lavage haute pression pour usage professionnel au centre de lavage libre-service le plus sophistiqu\u00e9,\u00a0nous avons le produit qu&#8217;il vous faut.<\/p>\n<p><strong>Armoire technique pour une ou deux pistes<\/strong><br \/>\nLorsque la surface disponible est limit\u00e9e, la technique trouve sa place au centre des pistes de lavage, dans une seule unit\u00e9 compacte, enti\u00e8rement en acier inoxydable.<\/p>\n<p><strong>Container technique pour deux \u00e0 six pistes de lavage<\/strong><br \/>\nMise en service de l&#8217;installation en quelques jours, gr\u00e2ce au montage complet en usine. L&#8217;installation est pr\u00eate \u00e0 fonctionner d\u00e8s les raccordements en eau, \u00e9lectricit\u00e9, gaz ou fuel effectu\u00e9s.<\/p>\n<p><strong>Technique dans un local \u00e0 disposition<\/strong><\/p>\n<p>Le montage des appareils est r\u00e9alis\u00e9 sur le site. Libre choix des dimensions du local et des mat\u00e9riaux de construction. Possibilit\u00e9 pour le ma\u00eetre\u00a0d&#8217;oeuvre de disposer de locaux annexes.<\/p>\n<p><strong>Structures aluminium<br \/>\n<\/strong>Pour couvrir les pistes de lavage et les places aspirateurs, nous proposons nos structures en profil\u00e9s d&#8217;aluminium. L&#8217;image des centres HYDROWASH attire l&#8217;attention et cr\u00e9e une atmosph\u00e8re invitant au lavage de v\u00e9hicules en tout genres.<\/p>\n<p><a href=\"http:\/\/www.hydrowash.com\/wp-content\/uploads\/2015\/02\/produits_01.jpg\"><img loading=\"lazy\" class=\"alignnone wp-image-134 size-full\" src=\"http:\/\/www.hydrowash.com\/wp-content\/uploads\/2015\/02\/produits_01.jpg\" alt=\"produits_01\" width=\"387\" height=\"138\" srcset=\"https:\/\/www.hydrowash.com\/wp-content\/uploads\/2015\/02\/produits_01.jpg 387w, https:\/\/www.hydrowash.com\/wp-content\/uploads\/2015\/02\/produits_01-300x107.jpg 300w\" sizes=\"(max-width: 387px) 100vw, 387px\" \/><\/a><\/p>\n<\/div>\n<div class=\"twocol-one last\"><strong>Aspirateurs<\/strong><br \/>\nLe compl\u00e9ment indispensable aux pistes de lavage. Des aspirateurs puissants encouragent l&#8217;usager \u00e0 nettoyer l&#8217;int\u00e9rieur de son v\u00e9hicules et cela \u00e0 l&#8217;occasion de chaque lavage.<\/p>\n<p><strong>Accessoires<\/strong><br \/>\nDrapeaux, signal\u00e9tique, appareils p\u00e9riph\u00e9riques. Nos sp\u00e9cialistes vous proposent tous les accessoires susceptibles de renforcer l&#8217;attractivit\u00e9 d&#8217;un centre de lavage.<\/p>\n<p><strong>Consommables<\/strong><br \/>\nPour les appareils p\u00e9riph\u00e9riques courant, (p. ex. Pannomat, nettoyeur si\u00e8ge-moquette, parfumeur) les produits consommables d&#8217;origine sont \u00e9galement livrables du stock.<\/p>\n<p><strong>Produits chimiques<\/strong><br \/>\nHYDROWASH commercialise tous les produits chimiques n\u00e9cessaires \u00e0 l&#8217;obtention du meilleur r\u00e9sultat de lavage.<\/p>\n<p><a href=\"http:\/\/www.hydrowash.com\/wp-content\/uploads\/2015\/02\/produits_02.jpg\"><img loading=\"lazy\" class=\"alignnone wp-image-135 size-full\" src=\"http:\/\/www.hydrowash.com\/wp-content\/uploads\/2015\/02\/produits_02.jpg\" alt=\"produits_02\" width=\"383\" height=\"235\" srcset=\"https:\/\/www.hydrowash.com\/wp-content\/uploads\/2015\/02\/produits_02.jpg 383w, https:\/\/www.hydrowash.com\/wp-content\/uploads\/2015\/02\/produits_02-300x184.jpg 300w\" sizes=\"(max-width: 383px) 100vw, 383px\" \/><\/a><\/p>\n<\/div><div class=\"clear\"><\/div>\n","protected":false},"excerpt":{"rendered":"","protected":false},"author":1,"featured_media":0,"parent":0,"menu_order":0,"comment_status":"open","ping_status":"open","template":"","meta":[],"_links":{"self":[{"href":"https:\/\/www.hydrowash.com\/index.php?rest_route=\/wp\/v2\/pages\/35"}],"collection":[{"href":"https:\/\/www.hydrowash.com\/index.php?rest_route=\/wp\/v2\/pages"}],"about":[{"href":"https:\/\/www.hydrowash.com\/index.php?rest_route=\/wp\/v2\/types\/page"}],"author":[{"embeddable":true,"href":"https:\/\/www.hydrowash.com\/index.php?rest_route=\/wp\/v2\/users\/1"}],"replies":[{"embeddable":true,"href":"https:\/\/www.hydrowash.com\/index.php?rest_route=%2Fwp%2Fv2%2Fcomments&post=35"}],"version-history":[{"count":6,"href":"https:\/\/www.hydrowash.com\/index.php?rest_route=\/wp\/v2\/pages\/35\/revisions"}],"predecessor-version":[{"id":137,"href":"https:\/\/www.hydrowash.com\/index.php?rest_route=\/wp\/v2\/pages\/35\/revisions\/137"}],"wp:attachment":[{"href":"https:\/\/www.hydrowash.com\/index.php?rest_route=%2Fwp%2Fv2%2Fmedia&parent=35"}],"curies":[{"name":"wp","href":"https:\/\/api.w.org\/{rel}","templated":true}]}}