{"id":76,"date":"2015-02-20T08:43:05","date_gmt":"2015-02-20T08:43:05","guid":{"rendered":"http:\/\/www.hydrowash.com\/?page_id=76"},"modified":"2015-06-22T10:13:29","modified_gmt":"2015-06-22T10:13:29","slug":"cellules-techniques","status":"publish","type":"page","link":"https:\/\/www.hydrowash.com\/?page_id=76","title":{"rendered":"CELLULES TECHNIQUES"},"content":{"rendered":"<div class=\"twocol-one\">\n<p><strong>Nos centres de lavage haute pression<\/strong><\/p>\n<p>Toutes les installations livr\u00e9es par HYDROWASH sont assembl\u00e9es dans nos ateliers, avec des composants de tr\u00e8s haute qualit\u00e9.<\/p>\n<p><strong>Stations de lavage de 1 \u00e0 2 pistes<\/strong><\/p>\n<p>Construction compacte en acier inoxydable (largeur 110 cm, longueur 270 cm)Tous les \u00e9l\u00e9ments sont facilement accessibles par 4 grandes portes.<br \/>\nLa technique est compos\u00e9e de tous les \u00e9l\u00e9ments indispensables \u00e0 une installation de qualit\u00e9:<\/p>\n<ul>\n<li>adoucisseur d&#8217;eau duplex<\/li>\n<li>osmose inverse<\/li>\n<li>r\u00e9servoir int\u00e9gr\u00e9 de 800 litres pour l&#8217;eau d\u00e9min\u00e9ralis\u00e9e<\/li>\n<li>modules pompes haute pression<\/li>\n<li>chaudi\u00e8re avec br\u00fbleur (gaz ou fuel) pour la production d&#8217;eau chaude et le chauffage sol<\/li>\n<li>vannes \u00e9l\u00e9ctro-pneumatiques<\/li>\n<li>circuit hors gel recycl\u00e9<\/li>\n<li>lavage HP avec eau chaude et savon poudre<\/li>\n<li>cire<\/li>\n<li>lavage brosse<\/li>\n<li>nettoyeur de nettoyage jantes<\/li>\n<li>commande et gestion par un automate programmable industriel<\/li>\n<\/ul>\n<p><a href=\"http:\/\/www.hydrowash.com\/wp-content\/uploads\/2015\/02\/20141126_111332_2.jpg\"><img loading=\"lazy\" class=\"alignnone wp-image-378\" src=\"http:\/\/www.hydrowash.com\/wp-content\/uploads\/2015\/02\/20141126_111332_2-225x300.jpg\" alt=\"20141126_111332_2\" width=\"94\" height=\"125\" srcset=\"https:\/\/www.hydrowash.com\/wp-content\/uploads\/2015\/02\/20141126_111332_2-225x300.jpg 225w, https:\/\/www.hydrowash.com\/wp-content\/uploads\/2015\/02\/20141126_111332_2.jpg 768w, https:\/\/www.hydrowash.com\/wp-content\/uploads\/2015\/02\/20141126_111332_2-600x800.jpg 600w\" sizes=\"(max-width: 94px) 100vw, 94px\" \/><\/a>\u00a0<a href=\"http:\/\/www.hydrowash.com\/wp-content\/uploads\/2015\/02\/20140306_101447_2.jpg\"><img loading=\"lazy\" class=\"alignnone  wp-image-382\" src=\"http:\/\/www.hydrowash.com\/wp-content\/uploads\/2015\/02\/20140306_101447_2-300x225.jpg\" alt=\"20140306_101447_2\" width=\"167\" height=\"125\" srcset=\"https:\/\/www.hydrowash.com\/wp-content\/uploads\/2015\/02\/20140306_101447_2-300x225.jpg 300w, https:\/\/www.hydrowash.com\/wp-content\/uploads\/2015\/02\/20140306_101447_2.jpg 1024w, https:\/\/www.hydrowash.com\/wp-content\/uploads\/2015\/02\/20140306_101447_2-600x450.jpg 600w\" sizes=\"(max-width: 167px) 100vw, 167px\" \/><\/a> <a href=\"http:\/\/www.hydrowash.com\/wp-content\/uploads\/2015\/02\/20131002_153919_2.jpg\"><img loading=\"lazy\" class=\"alignnone wp-image-385\" src=\"http:\/\/www.hydrowash.com\/wp-content\/uploads\/2015\/02\/20131002_153919_2-169x300.jpg\" alt=\"20131002_153919_2\" width=\"70\" height=\"125\" srcset=\"https:\/\/www.hydrowash.com\/wp-content\/uploads\/2015\/02\/20131002_153919_2-169x300.jpg 169w, https:\/\/www.hydrowash.com\/wp-content\/uploads\/2015\/02\/20131002_153919_2.jpg 576w\" sizes=\"(max-width: 70px) 100vw, 70px\" \/><\/a><a href=\"http:\/\/www.hydrowash.com\/wp-content\/uploads\/2015\/02\/SAM_1384_21.jpg\"> <img loading=\"lazy\" class=\"alignnone wp-image-390\" src=\"http:\/\/www.hydrowash.com\/wp-content\/uploads\/2015\/02\/SAM_1384_21-244x300.jpg\" alt=\"SAM_1384_2\" width=\"102\" height=\"125\" srcset=\"https:\/\/www.hydrowash.com\/wp-content\/uploads\/2015\/02\/SAM_1384_21-244x300.jpg 244w, https:\/\/www.hydrowash.com\/wp-content\/uploads\/2015\/02\/SAM_1384_21-600x738.jpg 600w, https:\/\/www.hydrowash.com\/wp-content\/uploads\/2015\/02\/SAM_1384_21.jpg 768w\" sizes=\"(max-width: 102px) 100vw, 102px\" \/><\/a><a href=\"http:\/\/www.hydrowash.com\/wp-content\/uploads\/2015\/02\/SAM_1161_2.jpg\"> <img loading=\"lazy\" class=\"alignnone wp-image-393\" src=\"http:\/\/www.hydrowash.com\/wp-content\/uploads\/2015\/02\/SAM_1161_2-194x300.jpg\" alt=\"SAM_1161_2\" width=\"81\" height=\"125\" srcset=\"https:\/\/www.hydrowash.com\/wp-content\/uploads\/2015\/02\/SAM_1161_2-194x300.jpg 194w, https:\/\/www.hydrowash.com\/wp-content\/uploads\/2015\/02\/SAM_1161_2.jpg 517w\" sizes=\"(max-width: 81px) 100vw, 81px\" \/><\/a><a href=\"http:\/\/www.hydrowash.com\/wp-content\/uploads\/2015\/02\/SAM_1326_2.jpg\"> <img loading=\"lazy\" class=\"alignnone wp-image-380\" src=\"http:\/\/www.hydrowash.com\/wp-content\/uploads\/2015\/02\/SAM_1326_2-237x300.jpg\" alt=\"SAM_1326_2\" width=\"98\" height=\"125\" srcset=\"https:\/\/www.hydrowash.com\/wp-content\/uploads\/2015\/02\/SAM_1326_2-237x300.jpg 237w, https:\/\/www.hydrowash.com\/wp-content\/uploads\/2015\/02\/SAM_1326_2-600x759.jpg 600w, https:\/\/www.hydrowash.com\/wp-content\/uploads\/2015\/02\/SAM_1326_2.jpg 704w\" sizes=\"(max-width: 98px) 100vw, 98px\" \/><\/a><\/p>\n<\/div> <div class=\"twocol-one last\">\n<p><strong>Station de lavage 2 \u00e0 6 pistes<\/strong><\/p>\n<p>Les installations techniques pour les stations de lavage de 2 \u00e0 6 pistes trouvent ais\u00e9ment place dans un container de dimension normalis\u00e9e (largeur 243 cm, longueur 606 cm).<br \/>\nUn sous-sol ou un local annexe peut accueillir des r\u00e9servoirs suppl\u00e9mentaires pour l&#8217;eau d\u00e9min\u00e9ralis\u00e9e et le recyclage du rejet.<br \/>\nLes agr\u00e9gats sont dimensionn\u00e9s en fonction du nombre de pistes:<\/p>\n<ul>\n<li>adoucisseur \u00e0 2 bouteilles avec vannes Clack \u00e0 commande \u00e9lectronique<\/li>\n<li>osmose inverse \u00e0 2 ou 3 membranes de 40&#8243;, pompe multicellulaire<\/li>\n<li>chaudi\u00e8re avec br\u00fbleur gaz ou fuel (option: chaudi\u00e8re \u00e0 condensation)<\/li>\n<li>\u00e9changeur \u00e0 plaque inox avec brasure inox<\/li>\n<li>chauffage sol des pistes par serpentin d&#8217;eau avec glycol<\/li>\n<li>doseur de savon central, dosage de pr\u00e9cision par vis sans fin<\/li>\n<li>tuyauterie inox sertie type Mannessman MPF<\/li>\n<li>modules pompes haute pression CAT favorisant la maintenance<\/li>\n<li>aspiration de la monnaie en option<\/li>\n<li>commande et gestion de tous les param\u00e8tres par un automate<\/li>\n<li>programmable industriel (temps de lavage, sondes de temp\u00e9rature, dosage des produits, etc.)<\/li>\n<\/ul>\n<p><strong>Stations de lavage de 4 \u00e0 10 pistes<\/strong><\/p>\n<p>Pour les centres de lavage importants, la construction d&#8217;un local (ma\u00e7onnerie ou construction m\u00e9tallique) apporte de nombreux avantages par la cr\u00e9ation de locaux annexes utiles \u00e0 l&#8217;exploitation du centre, par exemple:<br \/>\nlocal pour r\u00e9servoirs divers (eau d\u00e9min\u00e9ralis\u00e9e, bac tampon eau de forage), stockage du savon et autres produits chimique, local s\u00e9par\u00e9 pour la chaudi\u00e8re, bureau, vente d&#8217;accessoireset toilettes<\/p>\n<p><em>Le montage de la technique, dans les locaux mis \u00e0 disposition, est assur\u00e9 par nos techniciens comp\u00e9tents.<\/em><\/p>\n<\/div><div class=\"clear\"><\/div><\/p>\n","protected":false},"excerpt":{"rendered":"","protected":false},"author":1,"featured_media":0,"parent":0,"menu_order":0,"comment_status":"open","ping_status":"open","template":"","meta":[],"_links":{"self":[{"href":"https:\/\/www.hydrowash.com\/index.php?rest_route=\/wp\/v2\/pages\/76"}],"collection":[{"href":"https:\/\/www.hydrowash.com\/index.php?rest_route=\/wp\/v2\/pages"}],"about":[{"href":"https:\/\/www.hydrowash.com\/index.php?rest_route=\/wp\/v2\/types\/page"}],"author":[{"embeddable":true,"href":"https:\/\/www.hydrowash.com\/index.php?rest_route=\/wp\/v2\/users\/1"}],"replies":[{"embeddable":true,"href":"https:\/\/www.hydrowash.com\/index.php?rest_route=%2Fwp%2Fv2%2Fcomments&post=76"}],"version-history":[{"count":15,"href":"https:\/\/www.hydrowash.com\/index.php?rest_route=\/wp\/v2\/pages\/76\/revisions"}],"predecessor-version":[{"id":621,"href":"https:\/\/www.hydrowash.com\/index.php?rest_route=\/wp\/v2\/pages\/76\/revisions\/621"}],"wp:attachment":[{"href":"https:\/\/www.hydrowash.com\/index.php?rest_route=%2Fwp%2Fv2%2Fmedia&parent=76"}],"curies":[{"name":"wp","href":"https:\/\/api.w.org\/{rel}","templated":true}]}}