{"id":79,"date":"2015-02-20T08:43:25","date_gmt":"2015-02-20T08:43:25","guid":{"rendered":"http:\/\/www.hydrowash.com\/?page_id=79"},"modified":"2015-02-25T12:06:26","modified_gmt":"2015-02-25T12:06:26","slug":"structure-alluminium","status":"publish","type":"page","link":"https:\/\/www.hydrowash.com\/?page_id=79","title":{"rendered":"STRUCTURE ALLUMINIUM"},"content":{"rendered":"<div class=\"twocol-one\">\n<p><strong>Structures exclusives en profil\u00e9s aluminium<\/strong><\/p>\n<p>assemblage de la structure.jpgToutes les structures propos\u00e9es sont r\u00e9alis\u00e9es avec des profil\u00e9s exclusifs en aluminium.<\/p>\n<p>Les plaques de polycarbonate en toiture apportent beaucoup de lumi\u00e8re dans les pistes et ont une tr\u00e8s longue dur\u00e9e de vie.<\/p>\n<p>Les parois de s\u00e9paration sont compos\u00e9es de plaques de PVC et de profils en aluminiun. D&#8217;autres mat\u00e9riaux sont \u00e9galement disponibles (verre, PMMA Altuglas).<\/p>\n<p>Le rev\u00eatement par thermolaquage assure un aspect parfait des surfaces et un entretien minimum. La couleur du rev\u00eatement peut \u00eatre choisie dans la gamme de couleurs RAL.<\/p>\n<p>Les structures abritant les pistes de lavage correspondent parfaitement \u00e0 l&#8217;usage particulier des installations de lavage self-service.<\/p>\n<p>De nombreuses variantes de forme, de dimensions et de couleurs offrent le choix entre une construction typique HYDROWASH au design reconnu, synonyme d&#8217;excellence ou un autre design au choix de l&#8217;investisseur.<\/p>\n<\/div> <div class=\"twocol-one last\">\n<p><a href=\"http:\/\/www.hydrowash.com\/wp-content\/uploads\/2015\/02\/assemblage_de_la_structure.jpg\"><img loading=\"lazy\" class=\"alignnone  wp-image-164\" src=\"http:\/\/www.hydrowash.com\/wp-content\/uploads\/2015\/02\/assemblage_de_la_structure.jpg\" alt=\"assemblage_de_la_structure\" width=\"368\" height=\"276\" srcset=\"https:\/\/www.hydrowash.com\/wp-content\/uploads\/2015\/02\/assemblage_de_la_structure.jpg 640w, https:\/\/www.hydrowash.com\/wp-content\/uploads\/2015\/02\/assemblage_de_la_structure-300x225.jpg 300w\" sizes=\"(max-width: 368px) 100vw, 368px\" \/><\/a><\/p>\n<p><a href=\"http:\/\/www.hydrowash.com\/wp-content\/uploads\/2015\/02\/sations4.jpg\"><img loading=\"lazy\" class=\"alignnone size-full wp-image-167\" src=\"http:\/\/www.hydrowash.com\/wp-content\/uploads\/2015\/02\/sations4.jpg\" alt=\"sations4\" width=\"368\" height=\"199\" srcset=\"https:\/\/www.hydrowash.com\/wp-content\/uploads\/2015\/02\/sations4.jpg 368w, https:\/\/www.hydrowash.com\/wp-content\/uploads\/2015\/02\/sations4-300x162.jpg 300w\" sizes=\"(max-width: 368px) 100vw, 368px\" \/><\/a><\/p>\n<\/div><div class=\"clear\"><\/div><\/p>\n","protected":false},"excerpt":{"rendered":"","protected":false},"author":1,"featured_media":0,"parent":0,"menu_order":0,"comment_status":"open","ping_status":"open","template":"","meta":[],"_links":{"self":[{"href":"https:\/\/www.hydrowash.com\/index.php?rest_route=\/wp\/v2\/pages\/79"}],"collection":[{"href":"https:\/\/www.hydrowash.com\/index.php?rest_route=\/wp\/v2\/pages"}],"about":[{"href":"https:\/\/www.hydrowash.com\/index.php?rest_route=\/wp\/v2\/types\/page"}],"author":[{"embeddable":true,"href":"https:\/\/www.hydrowash.com\/index.php?rest_route=\/wp\/v2\/users\/1"}],"replies":[{"embeddable":true,"href":"https:\/\/www.hydrowash.com\/index.php?rest_route=%2Fwp%2Fv2%2Fcomments&post=79"}],"version-history":[{"count":6,"href":"https:\/\/www.hydrowash.com\/index.php?rest_route=\/wp\/v2\/pages\/79\/revisions"}],"predecessor-version":[{"id":169,"href":"https:\/\/www.hydrowash.com\/index.php?rest_route=\/wp\/v2\/pages\/79\/revisions\/169"}],"wp:attachment":[{"href":"https:\/\/www.hydrowash.com\/index.php?rest_route=%2Fwp%2Fv2%2Fmedia&parent=79"}],"curies":[{"name":"wp","href":"https:\/\/api.w.org\/{rel}","templated":true}]}}