{"id":82,"date":"2015-02-20T08:43:43","date_gmt":"2015-02-20T08:43:43","guid":{"rendered":"http:\/\/www.hydrowash.com\/?page_id=82"},"modified":"2016-01-08T17:41:52","modified_gmt":"2016-01-08T17:41:52","slug":"aspirateurs-accessoires","status":"publish","type":"page","link":"https:\/\/www.hydrowash.com\/?page_id=82","title":{"rendered":"ASPIRATEURS &#038; ACCESSOIRES"},"content":{"rendered":"<div class=\"twocol-one\">\n<p><strong>ASPIRATEURS 3,4 KW<\/strong><\/p>\n<p>L&#8217;aspirateur HYDROWASH est enti\u00e8rement en acier inoxydable.<br \/>\nIl est \u00e9quip\u00e9 d&#8217;une turbine de 3,4 kW, triphas\u00e9 400 V.<br \/>\nLa t\u00f4lerie est enti\u00e8rement en acier inoxydable et la s\u00e9curit\u00e9 anti-vol \u00e0 \u00e9t\u00e9 renforc\u00e9e notamment avec une porte type coffre-fort.<\/p>\n<p>&#8211; raccord rapide pour tuyau de diam\u00e8tre 38<br \/>\n&#8211; cuve de grande capacit\u00e9 avec facilit\u00e9 d&#8217;acc\u00e8s et d&#8217;entretien<\/p>\n<p>&#8211; syst\u00e8me de d\u00e9colmatage manuel<\/p>\n<p>Options avantageuses pour les nouvelles installations:<\/p>\n<p>La gestion du temps, le compteur et le disjoncteur de protection sont centralis\u00e9s dans l&#8217;armoire \u00e9lectrique principale ou embarqu\u00e9e dans l&#8217;aspirateur. Un syst\u00e8me vocal guide l&#8217;utilisateur dans ses diff\u00e9rentes \u00e9tapes<\/p>\n<p>l&#8217;aspiration de la monnaie int\u00e9gr\u00e9e, offre plus de s\u00e9curit\u00e9 et de confort.<\/p>\n<p>Le kit soufflette permet \u00e0 l&#8217;utilisateur de nettoyer en profondeur son tableau de bord.<\/p>\n<p>&nbsp;<\/p>\n<\/div> <div class=\"twocol-one last\">\n<p><strong>ACCESSOIRES<\/strong><\/p>\n<p>Pour \u00eatre attractif, et en cons\u00e9quence assurer une excellente rentabilit\u00e9,<br \/>\nun centre de lavage doit \u00eatre parfaitement \u00e9quip\u00e9 jusque dans les moindres d\u00e9tails.<\/p>\n<p>Quelques points importants \u00e0 respecter:<\/p>\n<p>Les drapeaux, totems, enseignes lumineuse bien dispos\u00e9s attirent l&#8217;attention de nouveaux clients<br \/>\nles instructions et mode d&#8217;emploi aident les usagers novices \u00e0 obtenir de bons r\u00e9sultats de lavage<br \/>\nles syst\u00e8mes de paiement vari\u00e9s, monnaie, jetons, cl\u00e9, cartes, permettent \u00e0 chacun de laver sans interruption<br \/>\nla disposition judicieuse de poubelles, cendriers, tape-tapis, maintient la propret\u00e9 du site et de son environnement<br \/>\nles gonfleurs, distributeurs de produits, nettoyeurs de tapis apportent la touche finale avant de quitter le centre de lavage.<\/p>\n<p><strong>Nouveau &#8211; Aspirateur Tiger 3,4kW<\/strong><\/p>\n<p><a href=\"http:\/\/www.hydrowash.com\/wp-content\/uploads\/2015\/02\/FIOTO_2.jpg\"> <img loading=\"lazy\" class=\"alignnone wp-image-396\" src=\"http:\/\/www.hydrowash.com\/wp-content\/uploads\/2015\/02\/FIOTO_2.jpg\" alt=\"FIOTO_2\" width=\"233\" height=\"414\" srcset=\"https:\/\/www.hydrowash.com\/wp-content\/uploads\/2015\/02\/FIOTO_2.jpg 576w, https:\/\/www.hydrowash.com\/wp-content\/uploads\/2015\/02\/FIOTO_2-169x300.jpg 169w\" sizes=\"(max-width: 233px) 100vw, 233px\" \/><\/a><\/p>\n<\/div><div class=\"clear\"><\/div><\/p>\n","protected":false},"excerpt":{"rendered":"","protected":false},"author":1,"featured_media":0,"parent":0,"menu_order":0,"comment_status":"open","ping_status":"open","template":"","meta":[],"_links":{"self":[{"href":"https:\/\/www.hydrowash.com\/index.php?rest_route=\/wp\/v2\/pages\/82"}],"collection":[{"href":"https:\/\/www.hydrowash.com\/index.php?rest_route=\/wp\/v2\/pages"}],"about":[{"href":"https:\/\/www.hydrowash.com\/index.php?rest_route=\/wp\/v2\/types\/page"}],"author":[{"embeddable":true,"href":"https:\/\/www.hydrowash.com\/index.php?rest_route=\/wp\/v2\/users\/1"}],"replies":[{"embeddable":true,"href":"https:\/\/www.hydrowash.com\/index.php?rest_route=%2Fwp%2Fv2%2Fcomments&post=82"}],"version-history":[{"count":10,"href":"https:\/\/www.hydrowash.com\/index.php?rest_route=\/wp\/v2\/pages\/82\/revisions"}],"predecessor-version":[{"id":493,"href":"https:\/\/www.hydrowash.com\/index.php?rest_route=\/wp\/v2\/pages\/82\/revisions\/493"}],"wp:attachment":[{"href":"https:\/\/www.hydrowash.com\/index.php?rest_route=%2Fwp%2Fv2%2Fmedia&parent=82"}],"curies":[{"name":"wp","href":"https:\/\/api.w.org\/{rel}","templated":true}]}}