{"id":85,"date":"2015-02-20T08:44:01","date_gmt":"2015-02-20T08:44:01","guid":{"rendered":"http:\/\/www.hydrowash.com\/?page_id=85"},"modified":"2015-06-22T06:52:13","modified_gmt":"2015-06-22T06:52:13","slug":"produits-consommables","status":"publish","type":"page","link":"https:\/\/www.hydrowash.com\/?page_id=85","title":{"rendered":"PRODUITS CONSOMMABLES"},"content":{"rendered":"<div class=\"twocol-one\">\n<p><strong>Commercialisation de produits: Hydrowash et Kenotek se rapprochent pour mieux vous servir et augmenter la qualit\u00e9 de votre centre de lavage!<\/strong><\/p>\n<p>Nous assurons officiellement depuis le d\u00e9but janvier 2014 la commercialisation des produits chimiques de la soci\u00e9t\u00e9 belge Kenotek mondialement connue dans le domaine de la fourniture de consommables pour stations de lavage haute pression et portiques.<br \/>\nNous sommes \u00e0 m\u00eame de vous fournir une vaste gamme de produits pour la haute pression, les portiques et le nettoyage int\u00e9rieur de votre v\u00e9hicule. Vous trouverez sur le site <a title=\"www.kenotek.eu\" href=\"http:\/\/www.kenotek.eu\" target=\"_blank\">www.kenotek.eu<\/a> toutes les informations n\u00e9cessaires et un catalogue complet de produits pour l&#8217;entretien de votre v\u00e9hicule.<\/p>\n<p><strong>Produits chimiques<\/strong><\/p>\n<p>HYDROWASH commercialise tous les produits chimiques n\u00e9cessaires\u00a0\u00e0 l&#8217;obtention du meilleur r\u00e9sultat de lavage.<\/p>\n<p>Notre nouveau savon poudre pour haute pression <strong>CP3400<\/strong> de Kenotek a \u00e9t\u00e9 con\u00e7u pour vous faire \u00e9conomiser de l&#8217;argent gr\u00e2ce \u00e0 sa nouvelle formule &#8220;<strong>basse temp\u00e9rature<\/strong>&#8221; et \u00e0 son excellent pouvoir moussant avec un minimum de consommation. Avec 10 grammes par minute et 45\u00b0C de temp\u00e9rature d&#8217;eau chaude, il vous donnera enti\u00e8re satisfaction autant par la qualit\u00e9 du lavage que par sa facilit\u00e9 de rin\u00e7age.<\/p>\n<ul>\n<li>Les produits s\u00e9lectionn\u00e9s ont \u00e9t\u00e9 longuement test\u00e9s.<\/li>\n<li>Ils garantissent une parfaite compatibilit\u00e9 avec les mat\u00e9riaux et agr\u00e9gats de nos installations<\/li>\n<li>Le r\u00e9glage pr\u00e9cis du dosage des produit chimiques associe rentabilit\u00e9 avec efficacit\u00e9.<\/li>\n<\/ul>\n<\/div> <div class=\"twocol-one last\">\n<p>Les produits pour chaque programme de lavage sont livrables du stock:<\/p>\n<ul>\n<li>d\u00e9tergent liquide pour pr\u00e9lavage en basse pression<\/li>\n<li>savon poudre pour lavage avec eau chaude en haute pression<\/li>\n<li>savon liquide moussant pour lavage avec eau chaude et brosse<\/li>\n<li>cire de finition pour lustrage avec eau d\u00e9min\u00e9ralis\u00e9e en haute pression<\/li>\n<li>d\u00e9tergent pour nettoyage des jantes en pulv\u00e9risation<\/li>\n<\/ul>\n<p><strong>Consommables<\/strong><\/p>\n<p>Pour les appareils p\u00e9riph\u00e9riques courant, (p. ex. Pannomat, nettoyeur si\u00e8ge-moquette, parfumeur)<br \/>\nles produits consommables d&#8217;origine sont \u00e9galement livrables du stock.<\/p>\n<p><a href=\"http:\/\/www.hydrowash.com\/wp-content\/uploads\/2015\/02\/20150129_145116.jpg\"><img loading=\"lazy\" class=\"alignnone wp-image-355 \" src=\"http:\/\/www.hydrowash.com\/wp-content\/uploads\/2015\/02\/20150129_145116-300x300.jpg\" alt=\"\" width=\"103\" height=\"103\" srcset=\"https:\/\/www.hydrowash.com\/wp-content\/uploads\/2015\/02\/20150129_145116-300x300.jpg 300w, https:\/\/www.hydrowash.com\/wp-content\/uploads\/2015\/02\/20150129_145116-150x150.jpg 150w, https:\/\/www.hydrowash.com\/wp-content\/uploads\/2015\/02\/20150129_145116-100x100.jpg 100w, https:\/\/www.hydrowash.com\/wp-content\/uploads\/2015\/02\/20150129_145116-600x600.jpg 600w, https:\/\/www.hydrowash.com\/wp-content\/uploads\/2015\/02\/20150129_145116-90x90.jpg 90w, https:\/\/www.hydrowash.com\/wp-content\/uploads\/2015\/02\/20150129_145116.jpg 768w\" sizes=\"(max-width: 103px) 100vw, 103px\" \/> \u00a0<\/a> <a href=\"http:\/\/www.hydrowash.com\/wp-content\/uploads\/2015\/02\/CP34001.jpg\"><img loading=\"lazy\" class=\"alignnone wp-image-353 \" src=\"http:\/\/www.hydrowash.com\/wp-content\/uploads\/2015\/02\/CP34001-300x300.jpg\" alt=\"\" width=\"135\" height=\"135\" srcset=\"https:\/\/www.hydrowash.com\/wp-content\/uploads\/2015\/02\/CP34001-300x300.jpg 300w, https:\/\/www.hydrowash.com\/wp-content\/uploads\/2015\/02\/CP34001-150x150.jpg 150w, https:\/\/www.hydrowash.com\/wp-content\/uploads\/2015\/02\/CP34001-100x100.jpg 100w, https:\/\/www.hydrowash.com\/wp-content\/uploads\/2015\/02\/CP34001-90x90.jpg 90w, https:\/\/www.hydrowash.com\/wp-content\/uploads\/2015\/02\/CP34001.jpg 500w\" sizes=\"(max-width: 135px) 100vw, 135px\" \/><\/a> <a href=\"http:\/\/www.hydrowash.com\/wp-content\/uploads\/2015\/02\/kenotek-pro.jpg\"><img loading=\"lazy\" class=\"alignnone wp-image-359 \" src=\"http:\/\/www.hydrowash.com\/wp-content\/uploads\/2015\/02\/kenotek-pro-300x300.jpg\" alt=\"\" width=\"148\" height=\"148\" srcset=\"https:\/\/www.hydrowash.com\/wp-content\/uploads\/2015\/02\/kenotek-pro.jpg 300w, https:\/\/www.hydrowash.com\/wp-content\/uploads\/2015\/02\/kenotek-pro-150x150.jpg 150w, https:\/\/www.hydrowash.com\/wp-content\/uploads\/2015\/02\/kenotek-pro-100x100.jpg 100w, https:\/\/www.hydrowash.com\/wp-content\/uploads\/2015\/02\/kenotek-pro-90x90.jpg 90w\" sizes=\"(max-width: 148px) 100vw, 148px\" \/>\u00a0 <\/a><a href=\"http:\/\/www.hydrowash.com\/wp-content\/uploads\/2015\/02\/kenotek_produits.jpg\"><img loading=\"lazy\" class=\"alignnone  wp-image-361\" src=\"http:\/\/www.hydrowash.com\/wp-content\/uploads\/2015\/02\/kenotek_produits-216x300.jpg\" alt=\"kenotek_produits\" width=\"102\" height=\"142\" srcset=\"https:\/\/www.hydrowash.com\/wp-content\/uploads\/2015\/02\/kenotek_produits-216x300.jpg 216w, https:\/\/www.hydrowash.com\/wp-content\/uploads\/2015\/02\/kenotek_produits.jpg 251w\" sizes=\"(max-width: 102px) 100vw, 102px\" \/><\/a><a href=\"http:\/\/www.hydrowash.com\/wp-content\/uploads\/2015\/02\/kenotek-pro.jpg\"><br \/>\n<\/a><\/p>\n<p><a href=\"http:\/\/www.hydrowash.com\/wp-content\/uploads\/2015\/02\/20150129_145116.jpg\">\u00a0\u00a0\u00a0 <\/a><\/p>\n<\/div><div class=\"clear\"><\/div><\/p>\n","protected":false},"excerpt":{"rendered":"","protected":false},"author":1,"featured_media":0,"parent":0,"menu_order":0,"comment_status":"open","ping_status":"open","template":"","meta":[],"_links":{"self":[{"href":"https:\/\/www.hydrowash.com\/index.php?rest_route=\/wp\/v2\/pages\/85"}],"collection":[{"href":"https:\/\/www.hydrowash.com\/index.php?rest_route=\/wp\/v2\/pages"}],"about":[{"href":"https:\/\/www.hydrowash.com\/index.php?rest_route=\/wp\/v2\/types\/page"}],"author":[{"embeddable":true,"href":"https:\/\/www.hydrowash.com\/index.php?rest_route=\/wp\/v2\/users\/1"}],"replies":[{"embeddable":true,"href":"https:\/\/www.hydrowash.com\/index.php?rest_route=%2Fwp%2Fv2%2Fcomments&post=85"}],"version-history":[{"count":9,"href":"https:\/\/www.hydrowash.com\/index.php?rest_route=\/wp\/v2\/pages\/85\/revisions"}],"predecessor-version":[{"id":364,"href":"https:\/\/www.hydrowash.com\/index.php?rest_route=\/wp\/v2\/pages\/85\/revisions\/364"}],"wp:attachment":[{"href":"https:\/\/www.hydrowash.com\/index.php?rest_route=%2Fwp%2Fv2%2Fmedia&parent=85"}],"curies":[{"name":"wp","href":"https:\/\/api.w.org\/{rel}","templated":true}]}}