{"id":88,"date":"2015-02-20T08:44:19","date_gmt":"2015-02-20T08:44:19","guid":{"rendered":"http:\/\/www.hydrowash.com\/?page_id=88"},"modified":"2015-04-10T09:06:24","modified_gmt":"2015-04-10T09:06:24","slug":"pieces-de-rechange","status":"publish","type":"page","link":"https:\/\/www.hydrowash.com\/?page_id=88","title":{"rendered":"PIECES DE RECHANGE"},"content":{"rendered":"<div class=\"twocol-one\">\n<p>Pour l&#8217;entretien et le bon fonctionnement des installations de lavage,vous trouvez toutes les pi\u00e8ces n\u00e9cessaires aupr\u00e8s de notre service \u00e0 la client\u00e8le.<\/p>\n<p>Quelques exemples de cat\u00e9gories de pi\u00e8ces d&#8217;usure:<\/p>\n<p><a href=\"http:\/\/www.hydrowash.com\/wp-content\/uploads\/2015\/02\/pompe_cat.jpg\"><img loading=\"lazy\" class=\"alignnone  wp-image-145\" src=\"http:\/\/www.hydrowash.com\/wp-content\/uploads\/2015\/02\/pompe_cat-300x217.jpg\" alt=\"pompe_cat\" width=\"171\" height=\"124\" srcset=\"https:\/\/www.hydrowash.com\/wp-content\/uploads\/2015\/02\/pompe_cat-300x217.jpg 300w, https:\/\/www.hydrowash.com\/wp-content\/uploads\/2015\/02\/pompe_cat.jpg 320w\" sizes=\"(max-width: 171px) 100vw, 171px\" \/><\/a><\/p>\n<p>pompes CAT et pi\u00e8ces d&#8217;origine, joints, clapets<\/p>\n<p><a href=\"http:\/\/www.hydrowash.com\/wp-content\/uploads\/2015\/02\/regulateur_de_pression.jpg\"><img loading=\"lazy\" class=\"alignnone  wp-image-146\" src=\"http:\/\/www.hydrowash.com\/wp-content\/uploads\/2015\/02\/regulateur_de_pression-240x300.jpg\" alt=\"regulateur_de_pression\" width=\"144\" height=\"180\" srcset=\"https:\/\/www.hydrowash.com\/wp-content\/uploads\/2015\/02\/regulateur_de_pression-240x300.jpg 240w, https:\/\/www.hydrowash.com\/wp-content\/uploads\/2015\/02\/regulateur_de_pression.jpg 256w\" sizes=\"(max-width: 144px) 100vw, 144px\" \/><\/a><br \/>\nr\u00e9gulateurs de pression, pressostats<\/p>\n<p><a href=\"http:\/\/www.hydrowash.com\/wp-content\/uploads\/2015\/02\/20140227_170224.jpg\"><img loading=\"lazy\" class=\"alignnone wp-image-254 \" src=\"http:\/\/www.hydrowash.com\/wp-content\/uploads\/2015\/02\/20140227_170224-300x225.jpg\" alt=\"\" width=\"246\" height=\"184\" srcset=\"https:\/\/www.hydrowash.com\/wp-content\/uploads\/2015\/02\/20140227_170224-300x225.jpg 300w, https:\/\/www.hydrowash.com\/wp-content\/uploads\/2015\/02\/20140227_170224-1024x768.jpg 1024w\" sizes=\"(max-width: 246px) 100vw, 246px\" \/><\/a><br \/>\nlances, pistolets, buses, protections<\/p>\n<p><a href=\"http:\/\/www.hydrowash.com\/wp-content\/uploads\/2015\/02\/brosse.jpg\"><img loading=\"lazy\" class=\"alignnone  wp-image-148\" src=\"http:\/\/www.hydrowash.com\/wp-content\/uploads\/2015\/02\/brosse-300x169.jpg\" alt=\"brosse\" width=\"246\" height=\"139\" srcset=\"https:\/\/www.hydrowash.com\/wp-content\/uploads\/2015\/02\/brosse-300x169.jpg 300w, https:\/\/www.hydrowash.com\/wp-content\/uploads\/2015\/02\/brosse.jpg 320w\" sizes=\"(max-width: 246px) 100vw, 246px\" \/><\/a><\/p>\n<p>brosses compl\u00e8tes ou parties, poils, fourreau<br \/>\nmembranes pour osmose inverse<\/p>\n<\/div> <div class=\"twocol-one last\">\n<p><a href=\"http:\/\/www.hydrowash.com\/wp-content\/uploads\/2015\/02\/filtre.jpg\"><img loading=\"lazy\" class=\"alignnone  wp-image-149\" src=\"http:\/\/www.hydrowash.com\/wp-content\/uploads\/2015\/02\/filtre-298x300.jpg\" alt=\"filtre\" width=\"161\" height=\"162\" srcset=\"https:\/\/www.hydrowash.com\/wp-content\/uploads\/2015\/02\/filtre-298x300.jpg 298w, https:\/\/www.hydrowash.com\/wp-content\/uploads\/2015\/02\/filtre-150x150.jpg 150w, https:\/\/www.hydrowash.com\/wp-content\/uploads\/2015\/02\/filtre-90x90.jpg 90w, https:\/\/www.hydrowash.com\/wp-content\/uploads\/2015\/02\/filtre-300x300.jpg 300w, https:\/\/www.hydrowash.com\/wp-content\/uploads\/2015\/02\/filtre.jpg 318w\" sizes=\"(max-width: 161px) 100vw, 161px\" \/><\/a><\/p>\n<p>Tuyaux haute pression, toutes longueurs<\/p>\n<p><a href=\"http:\/\/www.hydrowash.com\/wp-content\/uploads\/2015\/02\/tuyau_hp.jpg\"><img loading=\"lazy\" class=\"alignnone  wp-image-150\" src=\"http:\/\/www.hydrowash.com\/wp-content\/uploads\/2015\/02\/tuyau_hp-300x194.jpg\" alt=\"tuyau_hp\" width=\"176\" height=\"114\" srcset=\"https:\/\/www.hydrowash.com\/wp-content\/uploads\/2015\/02\/tuyau_hp-300x194.jpg 300w, https:\/\/www.hydrowash.com\/wp-content\/uploads\/2015\/02\/tuyau_hp.jpg 320w\" sizes=\"(max-width: 176px) 100vw, 176px\" \/><\/a><\/p>\n<p>raccords tournants pour tuyaux et bras de lavage<\/p>\n<p><a href=\"http:\/\/www.hydrowash.com\/wp-content\/uploads\/2015\/02\/raccord_tournant.jpg\"><img loading=\"lazy\" class=\"alignnone  wp-image-151\" src=\"http:\/\/www.hydrowash.com\/wp-content\/uploads\/2015\/02\/raccord_tournant-300x203.jpg\" alt=\"raccord_tournant\" width=\"176\" height=\"119\" srcset=\"https:\/\/www.hydrowash.com\/wp-content\/uploads\/2015\/02\/raccord_tournant-300x203.jpg 300w, https:\/\/www.hydrowash.com\/wp-content\/uploads\/2015\/02\/raccord_tournant.jpg 320w\" sizes=\"(max-width: 176px) 100vw, 176px\" \/><\/a><\/p>\n<p>tuyaux et suceurs pour aspirateurs, filtres, moteurs<\/p>\n<p><a href=\"http:\/\/www.hydrowash.com\/wp-content\/uploads\/2015\/02\/flexible_aspirateur.jpg\"><img loading=\"lazy\" class=\"alignnone  wp-image-152\" src=\"http:\/\/www.hydrowash.com\/wp-content\/uploads\/2015\/02\/flexible_aspirateur-300x113.jpg\" alt=\"flexible_aspirateur\" width=\"191\" height=\"72\" srcset=\"https:\/\/www.hydrowash.com\/wp-content\/uploads\/2015\/02\/flexible_aspirateur-300x113.jpg 300w, https:\/\/www.hydrowash.com\/wp-content\/uploads\/2015\/02\/flexible_aspirateur.jpg 320w\" sizes=\"(max-width: 191px) 100vw, 191px\" \/><\/a><\/p>\n<p>monnayeurs, lecteurs de cartes et badges<\/p>\n<p>&nbsp;<\/p>\n<p><strong>Envoi rapide des colis dans la journ\u00e9e.<\/strong><\/p>\n<p>Transmettez-nous vos commandes par t\u00e9l\u00e9phone, fax, e-mail ou via le formulaire de contact.<\/p>\n<p>En Suisse, les commandes re\u00e7ues avant 16h00 sont d\u00e9livr\u00e9es le lendemain matin chez le client.<\/p>\n<p>Les colis \u00e0 destination des autres pays sont achemin\u00e9s par des soci\u00e9t\u00e9s de logistique reconnus (DHL, TNT, DPD, etc)<\/p>\n<\/div><div class=\"clear\"><\/div><\/p>\n","protected":false},"excerpt":{"rendered":"","protected":false},"author":1,"featured_media":0,"parent":0,"menu_order":0,"comment_status":"open","ping_status":"open","template":"","meta":[],"_links":{"self":[{"href":"https:\/\/www.hydrowash.com\/index.php?rest_route=\/wp\/v2\/pages\/88"}],"collection":[{"href":"https:\/\/www.hydrowash.com\/index.php?rest_route=\/wp\/v2\/pages"}],"about":[{"href":"https:\/\/www.hydrowash.com\/index.php?rest_route=\/wp\/v2\/types\/page"}],"author":[{"embeddable":true,"href":"https:\/\/www.hydrowash.com\/index.php?rest_route=\/wp\/v2\/users\/1"}],"replies":[{"embeddable":true,"href":"https:\/\/www.hydrowash.com\/index.php?rest_route=%2Fwp%2Fv2%2Fcomments&post=88"}],"version-history":[{"count":7,"href":"https:\/\/www.hydrowash.com\/index.php?rest_route=\/wp\/v2\/pages\/88\/revisions"}],"predecessor-version":[{"id":257,"href":"https:\/\/www.hydrowash.com\/index.php?rest_route=\/wp\/v2\/pages\/88\/revisions\/257"}],"wp:attachment":[{"href":"https:\/\/www.hydrowash.com\/index.php?rest_route=%2Fwp%2Fv2%2Fmedia&parent=88"}],"curies":[{"name":"wp","href":"https:\/\/api.w.org\/{rel}","templated":true}]}}