{"id":12,"date":"2015-02-09T10:04:42","date_gmt":"2015-02-09T10:04:42","guid":{"rendered":"http:\/\/www.hydrowash.com\/?post_type=product&#038;p=12"},"modified":"2018-03-13T14:13:53","modified_gmt":"2018-03-13T14:13:53","slug":"produit-test","status":"publish","type":"product","link":"https:\/\/www.hydrowash.com\/?product=produit-test","title":{"rendered":"KENOTEK PRO WHEEL CLEANER ULTRA"},"content":{"rendered":"<p>Nettoyant jantes pH neutre tr\u00e8s efficace, peux \u00eatre utilis\u00e9 en toute s\u00e9curit\u00e9 sur tous types de jantes. Tr\u00e8s bon pouvoir nettoyant contre les poussi\u00e8res et r\u00e9sidus m\u00e9talliques.<\/p>\n<p>1lt. sprayer<\/p>\n","protected":false},"excerpt":{"rendered":"<p>Nettoyant jantes pH neutre<\/p>\n","protected":false},"featured_media":261,"comment_status":"open","ping_status":"closed","template":"","meta":[],"_links":{"self":[{"href":"https:\/\/www.hydrowash.com\/index.php?rest_route=\/wp\/v2\/product\/12"}],"collection":[{"href":"https:\/\/www.hydrowash.com\/index.php?rest_route=\/wp\/v2\/product"}],"about":[{"href":"https:\/\/www.hydrowash.com\/index.php?rest_route=\/wp\/v2\/types\/product"}],"replies":[{"embeddable":true,"href":"https:\/\/www.hydrowash.com\/index.php?rest_route=%2Fwp%2Fv2%2Fcomments&post=12"}],"wp:featuredmedia":[{"embeddable":true,"href":"https:\/\/www.hydrowash.com\/index.php?rest_route=\/wp\/v2\/media\/261"}],"wp:attachment":[{"href":"https:\/\/www.hydrowash.com\/index.php?rest_route=%2Fwp%2Fv2%2Fmedia&parent=12"}],"curies":[{"name":"wp","href":"https:\/\/api.w.org\/{rel}","templated":true}]}}